{"id":94,"date":"2024-01-29T15:17:51","date_gmt":"2024-01-29T14:17:51","guid":{"rendered":"https:\/\/www.badminton-haute-goulaine.fr\/?page_id=94"},"modified":"2025-09-11T19:45:18","modified_gmt":"2025-09-11T17:45:18","slug":"le-club","status":"publish","type":"page","link":"https:\/\/www.badminton-haute-goulaine.fr\/index.php\/le-club\/","title":{"rendered":"Le Club"},"content":{"rendered":"\n<p><strong>L&rsquo;Amical La\u00efque de Haute -Goulaine section badminton<\/strong> est un club loisir comptant plus de 70 licenci\u00e9s de plus de 16 ans.<br>Lors de la saison 2024 &#8211; 2026, la section a ouvert une offre famille pour que les enfants de plus de 10 ans puissent d\u00e9couvrir le badminton en m\u00eame temps que leurs parents le vendredi Soir.<\/p>\n\n\n\n<p><strong>NOUVEAUTE 2025 &#8211; 2026!!! <\/strong>&#8211; La Section ouvre un Section JEUNES pour les plus de 10 ans . D\u00e9but des cours le Samedi 4 Octobre 2025.<\/p>\n\n\n\n<h3 class=\"wp-block-heading\">Horaire des cr\u00e9neaux<\/h3>\n\n\n\n<p>Lundi soir : <strong>20 h 30 \u2013 22 h 30<\/strong> ( Espace Tabarly et Colette Besson)<br>Mercredi soir : <strong>20 h 30 \u2013 22 h 30<\/strong><br>Vendredi soir : <strong>20 h 30 \u2013 22 h 30<\/strong><\/p>\n\n\n\n<h3 class=\"wp-block-heading\">Lieu de l&rsquo;activit\u00e9<\/h3>\n\n\n\n<p>Elle se situe au complexe sportif de La Croix des Tailles Espace \u00c9ric Tabarly, b\u00e9n\u00e9ficie de 6 terrains d&rsquo;entrainement, de vestiaires, de douches , ainsi que d&rsquo;un espace de convivialit\u00e9.<\/p>\n\n\n\n<p>Localisation du complexe \u00e0 l&rsquo;adresse suivante : <a href=\"https:\/\/www.google.com\/maps\/place\/Espace+Tabarly\/@47.2012094,-1.4191182,17z\/data=!3m1!4b1!4m6!3m5!1s0x4805e69eda4c945f:0xcd80aae4faee41a1!8m2!3d47.2012094!4d-1.4165433!16s%2Fg%2F11h1lym_k?entry=ttu\" data-type=\"link\" data-id=\"https:\/\/www.google.com\/maps\/place\/Espace+Tabarly\/@47.2012094,-1.4191182,17z\/data=!3m1!4b1!4m6!3m5!1s0x4805e69eda4c945f:0xcd80aae4faee41a1!8m2!3d47.2012094!4d-1.4165433!16s%2Fg%2F11h1lym_k?entry=ttu\">25 Rue de la Blandellerie, 44115 Haute-Goulaine<\/a><\/p>\n\n\n\n<h2 class=\"wp-block-heading\">Vie de club<\/h2>\n\n\n\n<p>La <strong>vie du club<\/strong> s&rsquo;articule autour de 2 principes simples : la joie de pratiquer le badminton et la convivialit\u00e9 entre les membres de la section<br>Pendant les cr\u00e9neaux, hors comp\u00e9titions, tous les niveaux et tous les \u00e2ges sont m\u00e9lang\u00e9s .<br>La saison est anim\u00e9e principalement par 4 \u00e9v\u00e8nements<br>&#8211; 2 tournois internes o\u00f9 tous les membres du club sont convi\u00e9s (Octobre et Mars)<br>&#8211; 1 tournoi \u00e9quipes mixtes ouvert aux joueurs UFOLEP non membres du club<br>&#8211; un repas de fin de saison en juin pour l&rsquo;ensemble des membres avec leur famille<\/p>\n\n\n\n<h3 class=\"wp-block-heading\">Comp\u00e9tition UFOLEP<\/h3>\n\n\n\n<p>Chaque ann\u00e9e , la section inscrit 4 ou 5 \u00e9quipes (f\u00e9minines , mixtes ou masculines) dans les championnats UFOLEP 44, l&rsquo;histoire que nos membres les plus chevronn\u00e9s brillent sur tout le d\u00e9partement.<\/p>\n\n\n\n<p>Pour voir les r\u00e9sultats de nos \u00e9quipes cliquez ci-dessous sur le lien : <a href=\"https:\/\/www.ufolep44.com\/resultats\/resultats-badminton-2024-2025\" data-type=\"link\" data-id=\"https:\/\/www.ufolep44.com\/resultats\/resultats-badminton-2023-2024\">R\u00e9sultat badminton 2024 &#8211; 2025<\/a><\/p>\n\n\n\n<p><\/p>\n","protected":false},"excerpt":{"rendered":"<p>L&rsquo;Amical La\u00efque de Haute -Goulaine section badminton est un club loisir comptant plus de 70 licenci\u00e9s de plus de 16 ans.Lors de la saison 2024 &hellip;<\/p>\n","protected":false},"author":1,"featured_media":0,"parent":0,"menu_order":0,"comment_status":"closed","ping_status":"closed","template":"","meta":{"footnotes":""},"class_list":["post-94","page","type-page","status-publish","hentry"],"_links":{"self":[{"href":"https:\/\/www.badminton-haute-goulaine.fr\/index.php\/wp-json\/wp\/v2\/pages\/94","targetHints":{"allow":["GET"]}}],"collection":[{"href":"https:\/\/www.badminton-haute-goulaine.fr\/index.php\/wp-json\/wp\/v2\/pages"}],"about":[{"href":"https:\/\/www.badminton-haute-goulaine.fr\/index.php\/wp-json\/wp\/v2\/types\/page"}],"author":[{"embeddable":true,"href":"https:\/\/www.badminton-haute-goulaine.fr\/index.php\/wp-json\/wp\/v2\/users\/1"}],"replies":[{"embeddable":true,"href":"https:\/\/www.badminton-haute-goulaine.fr\/index.php\/wp-json\/wp\/v2\/comments?post=94"}],"version-history":[{"count":19,"href":"https:\/\/www.badminton-haute-goulaine.fr\/index.php\/wp-json\/wp\/v2\/pages\/94\/revisions"}],"predecessor-version":[{"id":182,"href":"https:\/\/www.badminton-haute-goulaine.fr\/index.php\/wp-json\/wp\/v2\/pages\/94\/revisions\/182"}],"wp:attachment":[{"href":"https:\/\/www.badminton-haute-goulaine.fr\/index.php\/wp-json\/wp\/v2\/media?parent=94"}],"curies":[{"name":"wp","href":"https:\/\/api.w.org\/{rel}","templated":true}]}}