{"id":28,"date":"2024-01-21T19:53:30","date_gmt":"2024-01-21T18:53:30","guid":{"rendered":"https:\/\/www.badminton-haute-goulaine.fr\/?page_id=28"},"modified":"2025-03-17T20:47:56","modified_gmt":"2025-03-17T19:47:56","slug":"sinscrire","status":"publish","type":"page","link":"https:\/\/www.badminton-haute-goulaine.fr\/index.php\/sinscrire\/","title":{"rendered":"S&rsquo;inscrire"},"content":{"rendered":"\n<figure class=\"wp-block-pullquote\"><blockquote><p><strong><em>\u201cLe sport ne fait pas vivre plus vieux, mais fait vivre plus jeune. \u201d<\/em><\/strong> <\/p><\/blockquote><\/figure>\n\n\n\n<p>Si vous \u00eates d\u00e9cid\u00e9s \u00e0 venir vous \u00e9clater au badminton, n&rsquo;h\u00e9siter pas on vous accueillera raquette \u00e0 la main.<\/p>\n\n\n\n<h2 class=\"wp-block-heading\"><strong>Comment nous rejoindre ?<\/strong><\/h2>\n\n\n\n<p>Pour \u00eatre inscrit \u00e0 l&rsquo;association de l&rsquo;amical la\u00efque section badminton nous vous proposons deux solutions :<\/p>\n\n\n\n<ul class=\"wp-block-list\">\n<li>venir au forum des associations de Haute-Goulaine, d\u00e9but septembre ( d\u00e9finir la date) de chaque ann\u00e9e civile.<\/li>\n\n\n\n<li>soit en demandant un formulaire d\u2019inscription par mail \u00e0 l\u2019adresse <strong><a href=\"mailto:haute.goulaine.bad@gmail.com\" target=\"_blank\" rel=\"noreferrer noopener\">haute.goulaine.bad@gmail.com<\/a><\/strong><\/li>\n<\/ul>\n\n\n\n<p><\/p>\n\n\n\n<p><strong>Quels sont les documents \u00e0 fournir ?<\/strong><\/p>\n\n\n\n<ul class=\"wp-block-list\">\n<li>Certificat m\u00e9dical attestant que vous \u00eates apte \u00e0 la pratique du badminton avec la mention \u00a0\u00bbbadminton en comp\u00e9tition\u00a0\u00bb<\/li>\n\n\n\n<li>La fiche d\u2019inscription d\u00fbment remplie<\/li>\n\n\n\n<li>Une adresse-mail valide<\/li>\n\n\n\n<li>l\u2019attestation d\u2019assurance UFOLEP d\u00fbment remplie (d\u00e8s qu\u2019elle sera mise \u00e0 disposition par l\u2019<a href=\"http:\/\/www.ufolep.org\/\" target=\"_blank\" rel=\"noreferrer noopener\"><strong>UFOLEP<\/strong><\/a>)<\/li>\n<\/ul>\n\n\n\n<h3 class=\"wp-block-heading\">COTISATION<\/h3>\n\n\n\n<p>A quoi sert la cotisation ?<\/p>\n\n\n\n<p>Elle sert a payer votre adh\u00e9sion au club via HelloAsso. C&rsquo;est une entreprise sociale et solidaire, qui fournit gratuitement ses technologies de paiement \u00e0 l&rsquo;organisme amicale la\u00efque de haute goulaine. L&rsquo;adh\u00e9sion est effective du 01 septembre de l&rsquo;ann\u00e9e d&rsquo;adh\u00e9sion au 30 ao\u00fbt de l&rsquo;ann\u00e9e suivante. ( ex = inscription en 2023 fin de l&rsquo;adh\u00e9sion en 2024 )<\/p>\n\n\n\n<ul class=\"wp-block-list\">\n<li>La cotisation est de <strong>65 euros<\/strong> pour les habitants de la ville de Haute-Goulaine<\/li>\n\n\n\n<li>La cotisation est de <strong>75 euros<\/strong> pour les habitants r\u00e9sidant hors de la commune de Haute-Goulaine<\/li>\n<\/ul>\n\n\n\n<p>Comment payer ?<\/p>\n\n\n\n<p>Deux moyens de paiement :<\/p>\n\n\n\n<ul class=\"wp-block-list\">\n<li>Paiement carte bancaire via le site HelloAsso <\/li>\n<\/ul>\n\n\n\n<ul class=\"wp-block-list\">\n<li>Paiement par ch\u00e8que \u00e0 l\u2019ordre de l\u2019Amicale La\u00efque de Haute-Goulaine par envoie postale  ( \u00e0 d\u00e9finir envoie postale mais quelle adresse )<\/li>\n<\/ul>\n\n\n\n<h3 class=\"wp-block-heading\">HelloAsso<\/h3>\n\n\n\n<p>Cliquez sur ce lien ci dessous pour \u00eatre redirig\u00e9 la plateforme de paiement ligne pour \u00eatre adh\u00e9rent:<\/p>\n\n\n\n<p><a href=\"https:\/\/www.helloasso.com\/associations\/amicale-laique-de-haute-goulaine\/adhesions\/badminton-2023-2024\">https:\/\/www.helloasso.com\/associations\/amicale-laique-de-haute-goulaine\/adhesions\/badminton-2023-2024<\/a><\/p>\n\n\n\n<h2 class=\"wp-block-heading\">Info Contact <\/h2>\n\n\n\n<ul class=\"wp-block-list\">\n<li>Pour tous renseignements compl\u00e9mentaires, contactez-nous par mail \u00e0 l&rsquo;adresse suivante :\u00a0 <strong><a href=\"mailto:haute.goulaine.bad@gmail.com\" target=\"_blank\" rel=\"noreferrer noopener\">haute.goulaine.bad@gmail.com<\/a><\/strong><\/li>\n<\/ul>\n","protected":false},"excerpt":{"rendered":"<p>\u201cLe sport ne fait pas vivre plus vieux, mais fait vivre plus jeune. \u201d Si vous \u00eates d\u00e9cid\u00e9s \u00e0 venir vous \u00e9clater au badminton, n&rsquo;h\u00e9siter &hellip;<\/p>\n","protected":false},"author":1,"featured_media":0,"parent":0,"menu_order":0,"comment_status":"closed","ping_status":"closed","template":"","meta":{"footnotes":""},"class_list":["post-28","page","type-page","status-publish","hentry"],"_links":{"self":[{"href":"https:\/\/www.badminton-haute-goulaine.fr\/index.php\/wp-json\/wp\/v2\/pages\/28","targetHints":{"allow":["GET"]}}],"collection":[{"href":"https:\/\/www.badminton-haute-goulaine.fr\/index.php\/wp-json\/wp\/v2\/pages"}],"about":[{"href":"https:\/\/www.badminton-haute-goulaine.fr\/index.php\/wp-json\/wp\/v2\/types\/page"}],"author":[{"embeddable":true,"href":"https:\/\/www.badminton-haute-goulaine.fr\/index.php\/wp-json\/wp\/v2\/users\/1"}],"replies":[{"embeddable":true,"href":"https:\/\/www.badminton-haute-goulaine.fr\/index.php\/wp-json\/wp\/v2\/comments?post=28"}],"version-history":[{"count":30,"href":"https:\/\/www.badminton-haute-goulaine.fr\/index.php\/wp-json\/wp\/v2\/pages\/28\/revisions"}],"predecessor-version":[{"id":93,"href":"https:\/\/www.badminton-haute-goulaine.fr\/index.php\/wp-json\/wp\/v2\/pages\/28\/revisions\/93"}],"wp:attachment":[{"href":"https:\/\/www.badminton-haute-goulaine.fr\/index.php\/wp-json\/wp\/v2\/media?parent=28"}],"curies":[{"name":"wp","href":"https:\/\/api.w.org\/{rel}","templated":true}]}}